{"id":17951,"date":"2025-10-26T22:28:08","date_gmt":"2025-10-26T22:28:08","guid":{"rendered":"https:\/\/grubokrojone.pl\/?post_type=product&#038;p=17951"},"modified":"2026-03-03T21:34:38","modified_gmt":"2026-03-03T21:34:38","slug":"miejskie-legendy-cd","status":"publish","type":"product","link":"https:\/\/grubokrojone.pl\/index.php\/produkt\/miejskie-legendy-cd\/","title":{"rendered":"MIEJSKIE LEGENDY CD"},"content":{"rendered":"","protected":false},"excerpt":{"rendered":"<p dir=\"ltr\">MIEJSKIE LEGENDY w sk\u0142adzie Skorup, HK Rufijok, Fryna Entertainment, DJ HWR &#8211; prezentuj\u0105 sw\u00f3j najnowszy album, mocno osadzony w \u015bl\u0105skim klimacie i klasycznym rapowym brzmieniu. Go\u015bcinnie m.in. Wilku WDZ, HST i Abradab. Solidna porcja hip-hopu, podbita skreczami DJ HWR i dopracowana w GruboKrojone Studio. Dla fan\u00f3w prawdziwego rapu \u2013 obowi\u0105zkowa pozycja!<\/p>\n<p>&nbsp;<\/p>\n<p dir=\"ltr\">s\u0142owa &#8211; Skorup, HK Rufijok, Fryna Entertainment<\/p>\n<p dir=\"ltr\">produkcja, skrecze, mix\/mastering &#8211; DJ HWR \/ Grubo Krojone Studio<\/p>\n<p dir=\"ltr\">Grubo Krojone Records 2025<\/p>\n<p>&nbsp;<\/p>\n<p dir=\"ltr\">Tracklista<\/p>\n<p dir=\"ltr\">1.DRUGA M\u0141ODO\u015a\u0106<\/p>\n<p dir=\"ltr\">2.HISTORIA REALNA FT. WILKU WDZ<\/p>\n<p dir=\"ltr\">3.JAK SIEBIE SAMEGO<\/p>\n<p dir=\"ltr\">4.KLASYKA GATUNKU<\/p>\n<p dir=\"ltr\">5.NAJLEPSZY START<\/p>\n<p dir=\"ltr\">6.REAL REAL<\/p>\n<p dir=\"ltr\">7.7.R.N.B. RYMY NA BITACH<\/p>\n<p dir=\"ltr\">8.NOWY DZIE\u0143<\/p>\n<p dir=\"ltr\">9.LEGENDARNY CHILL<\/p>\n<p dir=\"ltr\">10.S\u0141\u00d3W WODOSPAD FT. HST<\/p>\n<p dir=\"ltr\">11.UNITED SILESIANOS FT. ABRADAB<\/p>\n<p dir=\"ltr\">12.MIEJSKIE LEGENDY<\/p>\n","protected":false},"featured_media":17952,"comment_status":"open","ping_status":"closed","template":"","meta":[],"product_brand":[],"product_cat":[22],"product_tag":[],"class_list":{"0":"post-17951","1":"product","2":"type-product","3":"status-publish","4":"has-post-thumbnail","6":"product_cat-plytycd","8":"first","9":"instock","10":"shipping-taxable","11":"purchasable","12":"product-type-simple"},"_links":{"self":[{"href":"https:\/\/grubokrojone.pl\/index.php\/wp-json\/wp\/v2\/product\/17951","targetHints":{"allow":["GET"]}}],"collection":[{"href":"https:\/\/grubokrojone.pl\/index.php\/wp-json\/wp\/v2\/product"}],"about":[{"href":"https:\/\/grubokrojone.pl\/index.php\/wp-json\/wp\/v2\/types\/product"}],"replies":[{"embeddable":true,"href":"https:\/\/grubokrojone.pl\/index.php\/wp-json\/wp\/v2\/comments?post=17951"}],"wp:featuredmedia":[{"embeddable":true,"href":"https:\/\/grubokrojone.pl\/index.php\/wp-json\/wp\/v2\/media\/17952"}],"wp:attachment":[{"href":"https:\/\/grubokrojone.pl\/index.php\/wp-json\/wp\/v2\/media?parent=17951"}],"wp:term":[{"taxonomy":"product_brand","embeddable":true,"href":"https:\/\/grubokrojone.pl\/index.php\/wp-json\/wp\/v2\/product_brand?post=17951"},{"taxonomy":"product_cat","embeddable":true,"href":"https:\/\/grubokrojone.pl\/index.php\/wp-json\/wp\/v2\/product_cat?post=17951"},{"taxonomy":"product_tag","embeddable":true,"href":"https:\/\/grubokrojone.pl\/index.php\/wp-json\/wp\/v2\/product_tag?post=17951"}],"curies":[{"name":"wp","href":"https:\/\/api.w.org\/{rel}","templated":true}]}}