{"id":17433,"date":"2025-10-20T12:20:01","date_gmt":"2025-10-20T12:20:01","guid":{"rendered":"https:\/\/grubokrojone.pl\/?post_type=product&#038;p=17433"},"modified":"2026-03-03T21:35:21","modified_gmt":"2026-03-03T21:35:21","slug":"cd-dj-hwr-x-wu-tang-clan-mixtape","status":"publish","type":"product","link":"https:\/\/grubokrojone.pl\/index.php\/produkt\/cd-dj-hwr-x-wu-tang-clan-mixtape\/","title":{"rendered":"DJ HWR &#8211; WU-TANG CLAN MIXTAPE REEDYCJA"},"content":{"rendered":"","protected":false},"excerpt":{"rendered":"<div><span id=\"m_-4045880380618823710gmail-docs-internal-guid-a2ab2297-7fff-6022-e8d7-ab28a2852b98\">DJ HWR &#8211; WU-TANG CLAN MIXTAPE REEDYCJA<\/span><\/div>\n<div>\n<p dir=\"ltr\">CD &#8211; 49 z\u0142<\/p>\n<p dir=\"ltr\">WYDANIE:<\/p>\n<p dir=\"ltr\">-digipack<\/p>\n<p dir=\"ltr\">-p\u0142yta t\u0142oczona<\/p>\n<p dir=\"ltr\">-bonus track<\/p>\n<p dir=\"ltr\">-nak\u0142ad limitowany<\/p>\n<p dir=\"ltr\">-zestaw wlepek<\/p>\n<h3 dir=\"ltr\">DJ HWR \u2013 WU-TANG CLAN MIXTAPE (REEDYCJA)<\/h3>\n<p dir=\"ltr\">CD \/ Digipack \/ Cena: 49 z\u0142<br \/>\nGrubo Krojone Records 2025<\/p>\n<p dir=\"ltr\">Limitowana reedycja kultowego mixtape\u2019u DJ-a\u00a0HWR\u00a0\u2013 ho\u0142d dla legendarnego kolektywu\u00a0Wu-Tang Clan.Wydanie w eleganckim digipacku, wzbogacone o bonus track:<br \/>\nJUCIE THA WITCH DOCTA \u2013 &#8222;I LIVED&#8221;<br \/>\nDodatkowo w zestawie: wlepki!<\/p>\n<p dir=\"ltr\">Ca\u0142o\u015b\u0107 zbudowana na oryginalnych\u00a0acapellach Wu-Tang Clan, z nowymi\u00a0produkcjami i skreczami DJ-a HWR, oraz z go\u015bcinnym udzia\u0142em m.in.\u00a0CNE, Liroya i Karaza.<br \/>\nProfesjonalny mix\/mastering \u2013\u00a0Grubo Krojone Studio.<\/p>\n<hr \/>\n<p>&nbsp;<\/p>\n<h3 dir=\"ltr\"><\/h3>\n<p><strong>TRACKLISTA:<\/strong><\/p>\n<p>01 \u2013 Wu Intro ft. CNE<br \/>\n02 \u2013 Triumph Remix (Inspectah Deck, Method Man, Ghostface Killah, Raekwon)<br \/>\n03 \u2013 Dog Shit Remix (Ol\u2019 Dirty Bastard)<br \/>\n04 \u2013 Supa Ninjas Remix (U-God, Method Man)<br \/>\n05 \u2013 P.L.O. Style \/ Rainy Dayz Remix (Method Man, Ghostface Killah, Raekwon)<br \/>\n06 \u2013 Knowledge God Remix (Ghostface Killah, Raekwon)\u00a007 \u2013 Daj Mi Mikrofon Skit ft. CNE<br \/>\n08 \u2013 Muggsy Bogues Remix (Method Man)\u00a009 \u2013 WU ft. Liroy, Karaz\u00a010 \u2013 Severe Punishment Remix (U-God, GZA, Raekwon)<br \/>\n11 \u2013 Incarcerated Scarfaces Remix (Raekwon)<br \/>\n12 \u2013 Nutmeg Remix (Ghostface Killah)<br \/>\n13 \u2013 Shadowboxin\u2019 Remix (Method Man, GZA)<br \/>\n14 \u2013 Smothered Mate Remix (GZA)<br \/>\n15 \u2013 36 Komnata Skit ft. CNE<br \/>\n16 \u2013 Fish (Ghostface Killah, Cappadonna, Raekwon)<br \/>\n17 \u2013 Poisonous Darts Remix (Ghostface Killah)<br \/>\n18 \u2013 All In Together Now Remix (GZA, Cappadonna)<br \/>\n19 \u2013 Wu Banga 101 Remix (GZA)<br \/>\n20 \u2013 Duck Seazon Remix (Raekwon, RZA, Method Man)<br \/>\n21 \u2013 Wu Outro ft. CNE<br \/>\n+<br \/>\n22 \u2013 Bonus Track \u2013 Juice Tha Witch Docta \u2013 &#8222;I Lived It&#8221;<\/p>\n<hr \/>\n<p>&nbsp;<\/p>\n<p dir=\"ltr\">Produkcja\/skrecze:\u00a0DJ HWR<br \/>\nMix\/Mastering:\u00a0Grubo Krojone Studio<br \/>\nLabel:\u00a0Grubo Krojone Records<br \/>\nRok wydania:\u00a02025<\/p>\n<p dir=\"ltr\"><img decoding=\"async\" class=\"an1\" draggable=\"false\" src=\"https:\/\/fonts.gstatic.com\/s\/e\/notoemoji\/16.0\/27a1_fe0f\/32.png\" alt=\"\u27a1\ufe0f\" data-emoji=\"\u27a1\ufe0f\" aria-label=\"\u27a1\ufe0f\" \/>\u00a0Ilo\u015b\u0107 sztuk ograniczona \u2013 zam\u00f3w ju\u017c teraz!<\/p>\n<\/div>\n<p>https:\/\/www.youtube.com\/watch?v=sIpTsL-yfIk<\/p>\n","protected":false},"featured_media":17864,"comment_status":"open","ping_status":"closed","template":"","meta":[],"product_brand":[],"product_cat":[22],"product_tag":[],"class_list":{"0":"post-17433","1":"product","2":"type-product","3":"status-publish","4":"has-post-thumbnail","6":"product_cat-plytycd","8":"first","9":"instock","10":"shipping-taxable","11":"purchasable","12":"product-type-simple"},"_links":{"self":[{"href":"https:\/\/grubokrojone.pl\/index.php\/wp-json\/wp\/v2\/product\/17433","targetHints":{"allow":["GET"]}}],"collection":[{"href":"https:\/\/grubokrojone.pl\/index.php\/wp-json\/wp\/v2\/product"}],"about":[{"href":"https:\/\/grubokrojone.pl\/index.php\/wp-json\/wp\/v2\/types\/product"}],"replies":[{"embeddable":true,"href":"https:\/\/grubokrojone.pl\/index.php\/wp-json\/wp\/v2\/comments?post=17433"}],"wp:featuredmedia":[{"embeddable":true,"href":"https:\/\/grubokrojone.pl\/index.php\/wp-json\/wp\/v2\/media\/17864"}],"wp:attachment":[{"href":"https:\/\/grubokrojone.pl\/index.php\/wp-json\/wp\/v2\/media?parent=17433"}],"wp:term":[{"taxonomy":"product_brand","embeddable":true,"href":"https:\/\/grubokrojone.pl\/index.php\/wp-json\/wp\/v2\/product_brand?post=17433"},{"taxonomy":"product_cat","embeddable":true,"href":"https:\/\/grubokrojone.pl\/index.php\/wp-json\/wp\/v2\/product_cat?post=17433"},{"taxonomy":"product_tag","embeddable":true,"href":"https:\/\/grubokrojone.pl\/index.php\/wp-json\/wp\/v2\/product_tag?post=17433"}],"curies":[{"name":"wp","href":"https:\/\/api.w.org\/{rel}","templated":true}]}}